{"id":91,"date":"2024-03-04T21:07:05","date_gmt":"2024-03-04T21:07:05","guid":{"rendered":"https:\/\/jovanovic-chiptuning.com\/?page_id=91"},"modified":"2024-03-11T22:41:26","modified_gmt":"2024-03-11T22:41:26","slug":"uklanjanje-egr-ventila","status":"publish","type":"page","link":"https:\/\/jovanovic-chiptuning.com\/index.php\/uklanjanje-egr-ventila\/","title":{"rendered":"EGR OFF"},"content":{"rendered":"\n<p>Ventil za povrat izduvnih gasova slu\u017ei da bi va\u0161 motor umesto sve\u017eeg vazduha usisavao izduvne gasove koje je ve\u0107 proizveo, ali vremenom se nakuplja prljav\u0161tina na delovima usisa motora i dolazi do ne ispravnog rada takodje kvarovi na EGR ventilu mogu biti i do elektronike samog vetila i glavnog motornog kompijutera (ECU). Pa je samim tim opcija ga\u0161enja daleko isplatljivija i bolja po va\u0161e vozilo.<\/p>\n\n\n\n<figure class=\"wp-block-image size-large\"><img fetchpriority=\"high\" decoding=\"async\" width=\"1024\" height=\"633\" src=\"https:\/\/jovanovic-chiptuning.com\/wp-content\/uploads\/2024\/03\/services-5-1024x633.jpg\" alt=\"\" class=\"wp-image-92\" srcset=\"https:\/\/jovanovic-chiptuning.com\/wp-content\/uploads\/2024\/03\/services-5-1024x633.jpg 1024w, https:\/\/jovanovic-chiptuning.com\/wp-content\/uploads\/2024\/03\/services-5-300x186.jpg 300w, https:\/\/jovanovic-chiptuning.com\/wp-content\/uploads\/2024\/03\/services-5-768x475.jpg 768w, https:\/\/jovanovic-chiptuning.com\/wp-content\/uploads\/2024\/03\/services-5.jpg 1140w\" sizes=\"(max-width: 1024px) 100vw, 1024px\" \/><\/figure>\n\n\n\n<div class=\"wp-block-group alignfull has-background-color has-white-color has-black-background-color has-text-color has-background has-link-color wp-elements-57e2344213fec9970635a4b9a81c8240 is-vertical is-content-justification-stretch is-layout-flex wp-container-core-group-is-layout-1 wp-block-group-is-layout-flex\" style=\"min-height:40vh;margin-top:0;margin-bottom:0;padding-top:var(--wp--preset--spacing--60);padding-right:var(--wp--preset--spacing--40);padding-bottom:var(--wp--preset--spacing--60);padding-left:var(--wp--preset--spacing--40)\">\n<div class=\"wp-block-columns alignwide has-small-font-size is-layout-flex wp-container-core-columns-is-layout-1 wp-block-columns-is-layout-flex\">\n<div class=\"wp-block-column is-layout-flow wp-block-column-is-layout-flow\">\n<h4 class=\"wp-block-heading has-palette-color-8-color has-text-color has-link-color wp-elements-e117f31f9922f0d0506f895737f76750\">Kontakt<\/h4>\n\n\n\n<ul class=\"wp-block-list\">\n<li>+381 (0)60 628873600<\/li>\n\n\n\n<li><a href=\"javascript:void(0)\">servis.jovanovic1@gmail.com<\/a><\/li>\n<\/ul>\n\n\n\n<div style=\"height:24px\" aria-hidden=\"true\" class=\"wp-block-spacer\"><\/div>\n<\/div>\n\n\n\n<div class=\"wp-block-column is-layout-flow wp-block-column-is-layout-flow\">\n<h4 class=\"wp-block-heading has-white-color has-text-color has-link-color wp-elements-a9db9a7fd8fd7519d0253c602cd6ed33\">Gde se nalazimo<\/h4>\n\n\n\n<ul class=\"wp-block-list\">\n<li>Zvorni\u010dki put bb<\/li>\n\n\n\n<li>15320 Ljubovija, Srbija<\/li>\n<\/ul>\n\n\n\n<h4 class=\"wp-block-heading has-palette-color-8-color has-text-color has-link-color wp-elements-4389e3bfc1f665ac19d3760e59c8758c\">Pove\u017eimo se<\/h4>\n\n\n\n<ul class=\"wp-block-list\">\n<li>Ponedeljak \u2013 subota: 08-17h<\/li>\n\n\n\n<li>Nedeljom ne radimo<\/li>\n<\/ul>\n\n\n\n<div style=\"height:24px\" aria-hidden=\"true\" class=\"wp-block-spacer\"><\/div>\n<\/div>\n\n\n\n<div class=\"wp-block-column is-layout-flow wp-block-column-is-layout-flow\">\n<div style=\"height:24px\" aria-hidden=\"true\" class=\"wp-block-spacer\"><\/div>\n\n\n\n<div id=\"wpgmza_map\" class=\"wpgmza_map\" data-settings='{\"id\":\"1\",\"map_title\":\"My first map\",\"map_width\":\"100\",\"map_height\":\"400\",\"map_start_lat\":\"44.190416372364275\",\"map_start_lng\":\"19.359510901095234\",\"map_start_location\":\"45.950464398418106,-109.81550500000003\",\"map_start_zoom\":\"16\",\"default_marker\":\"\",\"type\":\"1\",\"alignment\":\"4\",\"directions_enabled\":\"0\",\"styling_enabled\":\"0\",\"styling_json\":\"\",\"active\":\"0\",\"kml\":\"\",\"bicycle\":\"0\",\"traffic\":\"0\",\"dbox\":\"0\",\"dbox_width\":\"\",\"listmarkers\":\"0\",\"listmarkers_advanced\":\"0\",\"filterbycat\":\"0\",\"ugm_enabled\":\"0\",\"ugm_category_enabled\":\"0\",\"fusion\":\"\",\"map_width_type\":\"%\",\"map_height_type\":\"px\",\"mass_marker_support\":\"0\",\"ugm_access\":\"0\",\"order_markers_by\":\"0\",\"order_markers_choice\":\"0\",\"show_user_location\":\"0\",\"default_to\":\"\",\"other_settings\":{\"map_type\":1,\"sl_stroke_color\":\"\",\"sl_fill_color\":\"\",\"sl_stroke_opacity\":\"\",\"sl_fill_opacity\":\"\",\"transport_layer\":false,\"action\":\"wpgmza_save_map\",\"redirect_to\":\"\\\/wp-admin\\\/admin-post.php\",\"map_id\":\"1\",\"http_referer\":\"\\\/wp-admin\\\/admin.php?page=wp-google-maps-menu&amp;amp;action=edit&amp;amp;map_id=1\",\"wpgmza_id\":\"1\",\"wpgmza_start_location\":\"44.190416372364275,19.359510901095234\",\"wpgmza_start_zoom\":\"16\",\"wpgmza_theme_data\":\"\",\"store_locator_enabled\":false,\"store_locator_search_area\":\"radial\",\"wpgmza_store_locator_radius_style\":\"legacy\",\"wpgmza_store_locator_default_radius\":\"10\",\"store_locator_auto_area_max_zoom\":\"\",\"store_locator_distance\":false,\"wpgmza_store_locator_position\":false,\"store_locator_show_distance\":false,\"store_locator_category\":false,\"wpgmza_store_locator_use_their_location\":false,\"wpgmza_store_locator_bounce\":false,\"wpgmza_sl_animation\":null,\"wpgmza_store_locator_hide_before_search\":false,\"store_locator_query_string\":\"\",\"store_locator_location_placeholder\":\"\",\"store_locator_default_address\":\"\",\"store_locator_name_search\":false,\"store_locator_name_string\":\"\",\"store_locator_not_found_message\":\"\",\"wpgmza_map_align\":\"4\",\"jump_to_nearest_marker_on_initialization\":false,\"automatically_pan_to_users_location\":false,\"override_users_location_zoom_level\":false,\"override_users_location_zoom_levels\":\"\",\"show_distance_from_location\":false,\"map_max_zoom\":\"21\",\"map_min_zoom\":\"0\",\"click_open_link\":false,\"fit_maps_bounds_to_markers\":false,\"fit_maps_bounds_to_markers_after_filtering\":false,\"hide_point_of_interest\":false,\"wpgmza_zoom_on_marker_click\":false,\"wpgmza_zoom_on_marker_click_slider\":\"\",\"close_infowindow_on_map_click\":false,\"disable_lightbox_images\":false,\"use_Raw_Jpeg_Coordinates\":false,\"polygon_labels\":false,\"disable_polygon_info_windows\":false,\"enable_marker_ratings\":false,\"only_load_markers_within_viewport\":false,\"iw_primary_color\":\"#000000\",\"iw_accent_color\":\"#000000\",\"iw_text_color\":\"#000000\",\"wpgmza_listmarkers_by\":\"0\",\"wpgmza_marker_listing_position\":false,\"wpgmza_push_in_map\":false,\"wpgmza_push_in_map_placement\":null,\"wpgmza_push_in_map_width\":\"\",\"wpgmza_push_in_map_height\":\"\",\"zoom_level_on_marker_listing_override\":false,\"zoom_level_on_marker_listing_click\":\"\",\"marker_listing_disable_zoom\":false,\"datatable_no_result_message\":\"\",\"remove_search_box_datables\":false,\"dataTable_pagination_style\":null,\"datatable_search_string\":\"\",\"datatable_result_start\":\"\",\"datatable_result_of\":\"\",\"datatable_result_to\":\"\",\"datatable_result_total\":\"\",\"datatable_result_show\":\"\",\"datatable_result_entries\":\"\",\"wpgmza_savemap\":\"Save Map \\u00bb\"}}' data-map-id='1' Data-maps-engine='google-maps' data-shortcode-attributes='{\"id\":\"1\"}' style=\"display:block; overflow:auto; width:100%; height:400px; \"><\/div>\n<\/div>\n<\/div>\n<\/div>\n","protected":false},"excerpt":{"rendered":"<p>Ventil za povrat izduvnih gasova slu\u017ei da bi va\u0161 motor umesto sve\u017eeg vazduha usisavao izduvne gasove koje je ve\u0107 proizveo, ali vremenom se nakuplja prljav\u0161tina na delovima usisa motora i dolazi do ne ispravnog rada takodje kvarovi na EGR ventilu mogu biti i do elektronike samog vetila i glavnog motornog kompijutera (ECU). Pa je samim [&hellip;]<\/p>\n","protected":false},"author":1,"featured_media":0,"parent":0,"menu_order":0,"comment_status":"closed","ping_status":"closed","template":"","meta":{"_monsterinsights_skip_tracking":false,"_monsterinsights_sitenote_active":false,"_monsterinsights_sitenote_note":"","_monsterinsights_sitenote_category":0,"footnotes":""},"class_list":["post-91","page","type-page","status-publish","hentry"],"blocksy_meta":[],"aioseo_notices":[],"_links":{"self":[{"href":"https:\/\/jovanovic-chiptuning.com\/index.php\/wp-json\/wp\/v2\/pages\/91"}],"collection":[{"href":"https:\/\/jovanovic-chiptuning.com\/index.php\/wp-json\/wp\/v2\/pages"}],"about":[{"href":"https:\/\/jovanovic-chiptuning.com\/index.php\/wp-json\/wp\/v2\/types\/page"}],"author":[{"embeddable":true,"href":"https:\/\/jovanovic-chiptuning.com\/index.php\/wp-json\/wp\/v2\/users\/1"}],"replies":[{"embeddable":true,"href":"https:\/\/jovanovic-chiptuning.com\/index.php\/wp-json\/wp\/v2\/comments?post=91"}],"version-history":[{"count":3,"href":"https:\/\/jovanovic-chiptuning.com\/index.php\/wp-json\/wp\/v2\/pages\/91\/revisions"}],"predecessor-version":[{"id":174,"href":"https:\/\/jovanovic-chiptuning.com\/index.php\/wp-json\/wp\/v2\/pages\/91\/revisions\/174"}],"wp:attachment":[{"href":"https:\/\/jovanovic-chiptuning.com\/index.php\/wp-json\/wp\/v2\/media?parent=91"}],"curies":[{"name":"wp","href":"https:\/\/api.w.org\/{rel}","templated":true}]}}