{"id":14,"date":"2024-03-03T20:49:14","date_gmt":"2024-03-03T20:49:14","guid":{"rendered":"https:\/\/jovanovic-chiptuning.com\/?page_id=14"},"modified":"2025-10-09T21:02:24","modified_gmt":"2025-10-09T21:02:24","slug":"pocetna","status":"publish","type":"page","link":"https:\/\/jovanovic-chiptuning.com\/","title":{"rendered":""},"content":{"rendered":"<div class=\"n2_clear\"><ss3-force-full-width data-overflow-x=\"body\" data-horizontal-selector=\"body\"><div class=\"n2-section-smartslider fitvidsignore  n2_clear\" data-ssid=\"1\" tabindex=\"0\" role=\"region\" aria-label=\"Slider\"><div id=\"n2-ss-1-align\" class=\"n2-ss-align\"><div class=\"n2-padding\"><div id=\"n2-ss-1\" data-creator=\"Smart Slider 3\" data-responsive=\"fullwidth\" class=\"n2-ss-slider n2-ow n2-has-hover n2notransition  \">\n\n\n\n<div class=\"n2-ss-slider-wrapper-inside\">\n        <div class=\"n2-ss-slider-1 n2_ss__touch_element n2-ow\">\n            <div class=\"n2-ss-slider-2 n2-ow\">\n                                                <div class=\"n2-ss-slider-3 n2-ow\">\n\n                    <div class=\"n2-ss-slide-backgrounds n2-ow-all\"><div class=\"n2-ss-slide-background\" data-public-id=\"1\" data-mode=\"fill\"><div class=\"n2-ss-slide-background-image\" data-blur=\"0\" data-opacity=\"100\" data-x=\"50\" data-y=\"50\" data-alt=\"\" data-title=\"\"><picture class=\"skip-lazy\" data-skip-lazy=\"1\"><img decoding=\"async\" src=\"\/\/jovanovic-chiptuning.com\/wp-content\/uploads\/2024\/03\/f7a8deee-d483-41f5-8a9b-611b25160156.jpg\" alt=\"\" title=\"\" loading=\"lazy\" class=\"skip-lazy\" data-skip-lazy=\"1\"><\/picture><\/div><div data-color=\"RGBA(255,255,255,0)\" style=\"background-color: RGBA(255,255,255,0);\" class=\"n2-ss-slide-background-color\"><\/div><\/div><div class=\"n2-ss-slide-background\" data-public-id=\"2\" data-mode=\"fill\" aria-hidden=\"true\"><div class=\"n2-ss-slide-background-image\" data-blur=\"0\" data-opacity=\"100\" data-x=\"50\" data-y=\"50\" data-alt=\"\" data-title=\"\"><picture class=\"skip-lazy\" data-skip-lazy=\"1\"><img decoding=\"async\" src=\"\/\/jovanovic-chiptuning.com\/wp-content\/uploads\/2024\/03\/423422596_414533871089990_4939173755172644826_n.jpg\" alt=\"\" title=\"\" loading=\"lazy\" class=\"skip-lazy\" data-skip-lazy=\"1\"><\/picture><\/div><div data-color=\"RGBA(255,255,255,0)\" style=\"background-color: RGBA(255,255,255,0);\" class=\"n2-ss-slide-background-color\"><\/div><\/div><div class=\"n2-ss-slide-background\" data-public-id=\"3\" data-mode=\"fill\" aria-hidden=\"true\"><div class=\"n2-ss-slide-background-image\" data-blur=\"0\" data-opacity=\"100\" data-x=\"50\" data-y=\"50\" data-alt=\"\" data-title=\"\"><picture class=\"skip-lazy\" data-skip-lazy=\"1\"><img decoding=\"async\" src=\"\/\/jovanovic-chiptuning.com\/wp-content\/uploads\/2024\/03\/428303430_3586770441536666_8859078186727091059_n.jpg\" alt=\"\" title=\"\" loading=\"lazy\" class=\"skip-lazy\" data-skip-lazy=\"1\"><\/picture><\/div><div data-color=\"RGBA(255,255,255,0)\" style=\"background-color: RGBA(255,255,255,0);\" class=\"n2-ss-slide-background-color\"><\/div><\/div><div class=\"n2-ss-slide-background\" data-public-id=\"4\" data-mode=\"fill\" aria-hidden=\"true\"><div class=\"n2-ss-slide-background-image\" data-blur=\"0\" data-opacity=\"100\" data-x=\"50\" data-y=\"50\" data-alt=\"\" data-title=\"\"><picture class=\"skip-lazy\" data-skip-lazy=\"1\"><img decoding=\"async\" src=\"\/\/jovanovic-chiptuning.com\/wp-content\/uploads\/2024\/03\/423541679_725038873103157_7056130311620188333_n.jpg\" alt=\"\" title=\"\" loading=\"lazy\" class=\"skip-lazy\" data-skip-lazy=\"1\"><\/picture><\/div><div data-color=\"RGBA(255,255,255,0)\" style=\"background-color: RGBA(255,255,255,0);\" class=\"n2-ss-slide-background-color\"><\/div><\/div><div class=\"n2-ss-slide-background\" data-public-id=\"5\" data-mode=\"fill\" aria-hidden=\"true\"><div class=\"n2-ss-slide-background-image\" data-blur=\"0\" data-opacity=\"100\" data-x=\"50\" data-y=\"50\" data-alt=\"\" data-title=\"\"><picture class=\"skip-lazy\" data-skip-lazy=\"1\"><img decoding=\"async\" src=\"\/\/jovanovic-chiptuning.com\/wp-content\/uploads\/2024\/03\/9a85790f-7eb8-456a-9ae8-4e52a20e2471.jpg\" alt=\"\" title=\"\" loading=\"lazy\" class=\"skip-lazy\" data-skip-lazy=\"1\"><\/picture><\/div><div data-color=\"RGBA(255,255,255,0)\" style=\"background-color: RGBA(255,255,255,0);\" class=\"n2-ss-slide-background-color\"><\/div><\/div><\/div>                    <div class=\"n2-ss-slider-4 n2-ow\">\n                        <svg xmlns=\"http:\/\/www.w3.org\/2000\/svg\" viewBox=\"0 0 1200 600\" data-related-device=\"desktopPortrait\" class=\"n2-ow n2-ss-preserve-size n2-ss-preserve-size--slider n2-ss-slide-limiter\"><\/svg><div data-first=\"1\" data-slide-duration=\"0\" data-id=\"7\" data-slide-public-id=\"1\" data-title=\"f7a8deee-d483-41f5-8a9b-611b25160156\" class=\"n2-ss-slide n2-ow  n2-ss-slide-7\"><div role=\"note\" class=\"n2-ss-slide--focus\" tabindex=\"-1\">f7a8deee-d483-41f5-8a9b-611b25160156<\/div><div class=\"n2-ss-layers-container n2-ss-slide-limiter n2-ow\"><div class=\"n2-ss-layer n2-ow n-uc-BKAkq6eJKvV2\" data-sstype=\"slide\" data-pm=\"default\"><\/div><\/div><\/div><div data-slide-duration=\"0\" data-id=\"3\" data-slide-public-id=\"2\" aria-hidden=\"true\" data-title=\"423422596_414533871089990_4939173755172644826_n\" class=\"n2-ss-slide n2-ow  n2-ss-slide-3\"><div role=\"note\" class=\"n2-ss-slide--focus\" tabindex=\"-1\">423422596_414533871089990_4939173755172644826_n<\/div><div class=\"n2-ss-layers-container n2-ss-slide-limiter n2-ow\"><div class=\"n2-ss-layer n2-ow n-uc-Od38QND0DLGZ\" data-sstype=\"slide\" data-pm=\"default\"><\/div><\/div><\/div><div data-slide-duration=\"0\" data-id=\"5\" data-slide-public-id=\"3\" aria-hidden=\"true\" data-title=\"428303430_3586770441536666_8859078186727091059_n\" class=\"n2-ss-slide n2-ow  n2-ss-slide-5\"><div role=\"note\" class=\"n2-ss-slide--focus\" tabindex=\"-1\">428303430_3586770441536666_8859078186727091059_n<\/div><div class=\"n2-ss-layers-container n2-ss-slide-limiter n2-ow\"><div class=\"n2-ss-layer n2-ow n-uc-JuunVZ4LE0Yf\" data-sstype=\"slide\" data-pm=\"default\"><\/div><\/div><\/div><div data-slide-duration=\"0\" data-id=\"4\" data-slide-public-id=\"4\" aria-hidden=\"true\" data-title=\"423541679_725038873103157_7056130311620188333_n\" class=\"n2-ss-slide n2-ow  n2-ss-slide-4\"><div role=\"note\" class=\"n2-ss-slide--focus\" tabindex=\"-1\">423541679_725038873103157_7056130311620188333_n<\/div><div class=\"n2-ss-layers-container n2-ss-slide-limiter n2-ow\"><div class=\"n2-ss-layer n2-ow n-uc-icJWEpxJtKlE\" data-sstype=\"slide\" data-pm=\"default\"><\/div><\/div><\/div><div data-slide-duration=\"0\" data-id=\"8\" data-slide-public-id=\"5\" aria-hidden=\"true\" data-title=\"9a85790f-7eb8-456a-9ae8-4e52a20e2471\" class=\"n2-ss-slide n2-ow  n2-ss-slide-8\"><div role=\"note\" class=\"n2-ss-slide--focus\" tabindex=\"-1\">9a85790f-7eb8-456a-9ae8-4e52a20e2471<\/div><div class=\"n2-ss-layers-container n2-ss-slide-limiter n2-ow\"><div class=\"n2-ss-layer n2-ow n-uc-J0WjiCWwOlfA\" data-sstype=\"slide\" data-pm=\"default\"><\/div><\/div><\/div>                    <\/div>\n\n                                    <\/div>\n            <\/div>\n        <\/div>\n        <div class=\"n2-ss-slider-controls n2-ss-slider-controls-absolute-center-bottom\"><div style=\"--widget-offset:5px;\" class=\"n2-ss-widget n2-ss-control-bullet n2-ow-all n2-ss-control-bullet-horizontal\"><div class=\" nextend-bullet-bar n2-bar-justify-content-center\" role=\"group\" aria-label=\"Choose slide to display.\"><div class=\"n2-bullet n2-style-37b83350d88fb82e7ea26e8ad7887167-dot \" style=\"visibility:hidden;\"><\/div><\/div><\/div><\/div><\/div><\/div><ss3-loader><\/ss3-loader><\/div><\/div><div class=\"n2_clear\"><\/div><\/div><\/ss3-force-full-width><\/div>\n\n\n<iframe src=\"https:\/\/tuning-shop.com\/iframe\/iframe.php?user=6465\" width=\"100%\" height=\"auto\" scrolling=\"no\" frameborder=\"0\" style=\"border: 0;\"><\/iframe>\n\n\n\n<h2 class=\"wp-block-heading\">Na\u0161e Usluge<\/h2>\n\n\n\n<p> Bavimo se odr\u017eavanjem i popravkom motornih vozila, u na\u0161em servisu pored usluga servisiranja i popravke vozila mo\u017eete i uraditi CHIP TUNING va\u0161eg vozila kao i dotatne mogu\u0107nosti remapiranja motornog ra\u010dunara kao \u0161to su: <\/p>\n\n\n\n<ul class=\"wp-block-list\">\n<li>EGR OFF Softversko uglanjanje ventila za povratak izduvnih gasova<\/li>\n\n\n\n<li>DPF OFF Softversko uklanjanje filtera za pre\u010di\u0107avanje izduvnih gasova koji vremenom napravi vi\u0161e \u0161tete nego koristi po va\u0161 automobil <\/li>\n\n\n\n<li>ADBLUE OFF Softversko re\u0161enje koje trajno resava problem sa UREA sistemom izbegavate skupe popravke i limitiranu kilometra\u017eu koju fabricka dodjeljuje kada se desi kvar<\/li>\n\n\n\n<li>HOT START Softversko resenje dugog startovanje kada je motor vru\u0107 <\/li>\n\n\n\n<li>ostale usluge: Launch Control, Pops and Bangs, Stage2, Stage3\u2026<\/li>\n<\/ul>\n\n\n\n<h2 class=\"wp-block-heading\"><strong>Chip Tuning<\/strong><\/h2>\n\n\n\n<p> Optimizacijom softvera motornog ra\u010dunara uskla\u0111ujemo rad motora i dobijamo 30% vi\u0161e snage koju neretko u nekim slu\u010dajevima fabrika smanji da bi napravila slabijih verziju tog motora. Uz Chip Tuning prvenstveno dobijate vi\u0161e snage i manju potro\u0161nju, bolji odziv na gas, drugi ose\u0107aj vo\u017enje. U na\u0161em katalogu mo\u017eete videti koliko konjskih snaga i obrtnog momenta dobijate na va\u0161em vozilu, svaka mapa se radi samo za va\u0161e vozilo pa samim tim garantujemo na kvalitet i zadovoljstvo.<\/p>\n\n\n\n<div class=\"wp-block-columns is-layout-flex wp-container-core-columns-is-layout-1 wp-block-columns-is-layout-flex\">\n<div class=\"wp-block-column is-layout-flow wp-block-column-is-layout-flow\">\n<figure class=\"wp-block-image size-full\"><a href=\"https:\/\/jovanovic-chiptuning.com\/index.php\/ad-blue-off\/\"><img fetchpriority=\"high\" decoding=\"async\" width=\"312\" height=\"420\" src=\"https:\/\/jovanovic-chiptuning.com\/wp-content\/uploads\/2024\/03\/Untitled.png\" alt=\"\" class=\"wp-image-181\" srcset=\"https:\/\/jovanovic-chiptuning.com\/wp-content\/uploads\/2024\/03\/Untitled.png 312w, https:\/\/jovanovic-chiptuning.com\/wp-content\/uploads\/2024\/03\/Untitled-223x300.png 223w\" sizes=\"(max-width: 312px) 100vw, 312px\" \/><\/a><\/figure>\n<\/div>\n\n\n\n<div class=\"wp-block-column is-layout-flow wp-block-column-is-layout-flow\">\n<figure class=\"wp-block-image size-full\"><a href=\"https:\/\/jovanovic-chiptuning.com\/index.php\/uklanjanje-dpf-filtera\/\"><img decoding=\"async\" width=\"400\" height=\"421\" src=\"https:\/\/jovanovic-chiptuning.com\/wp-content\/uploads\/2024\/03\/dpf2.png\" alt=\"\" class=\"wp-image-189\" srcset=\"https:\/\/jovanovic-chiptuning.com\/wp-content\/uploads\/2024\/03\/dpf2.png 400w, https:\/\/jovanovic-chiptuning.com\/wp-content\/uploads\/2024\/03\/dpf2-285x300.png 285w\" sizes=\"(max-width: 400px) 100vw, 400px\" \/><\/a><\/figure>\n<\/div>\n\n\n\n<div class=\"wp-block-column is-layout-flow wp-block-column-is-layout-flow\">\n<figure class=\"wp-block-image size-full\"><a href=\"https:\/\/jovanovic-chiptuning.com\/index.php\/uklanjanje-egr-ventila\/\"><img decoding=\"async\" width=\"400\" height=\"420\" src=\"https:\/\/jovanovic-chiptuning.com\/wp-content\/uploads\/2024\/03\/egr-off-1.png\" alt=\"\" class=\"wp-image-186\" srcset=\"https:\/\/jovanovic-chiptuning.com\/wp-content\/uploads\/2024\/03\/egr-off-1.png 400w, https:\/\/jovanovic-chiptuning.com\/wp-content\/uploads\/2024\/03\/egr-off-1-286x300.png 286w\" sizes=\"(max-width: 400px) 100vw, 400px\" \/><\/a><\/figure>\n<\/div>\n<\/div>\n\n\n\n<div class=\"wp-block-group alignfull has-background-color has-white-color has-black-background-color has-text-color has-background has-link-color wp-elements-97578563afc3e559647d7974bb526866 is-vertical is-content-justification-stretch is-layout-flex wp-container-core-group-is-layout-1 wp-block-group-is-layout-flex\" style=\"min-height:40vh;margin-top:0;margin-bottom:0;padding-top:var(--wp--preset--spacing--60);padding-right:var(--wp--preset--spacing--40);padding-bottom:var(--wp--preset--spacing--60);padding-left:var(--wp--preset--spacing--40)\">\n<div class=\"wp-block-columns alignwide has-small-font-size is-layout-flex wp-container-core-columns-is-layout-2 wp-block-columns-is-layout-flex\">\n<div class=\"wp-block-column is-layout-flow wp-block-column-is-layout-flow\">\n<h4 class=\"wp-block-heading has-palette-color-8-color has-text-color has-link-color wp-elements-e117f31f9922f0d0506f895737f76750\">Kontakt<\/h4>\n\n\n\n<ul class=\"wp-block-list\">\n<li>+381 (0)628873600<\/li>\n\n\n\n<li><a href=\"javascript:void(0)\">servis.jovanovic1@gmail.com<\/a><\/li>\n<\/ul>\n\n\n\n<div style=\"height:24px\" aria-hidden=\"true\" class=\"wp-block-spacer\"><\/div>\n<\/div>\n\n\n\n<div class=\"wp-block-column is-layout-flow wp-block-column-is-layout-flow\">\n<h4 class=\"wp-block-heading has-white-color has-text-color has-link-color wp-elements-a9db9a7fd8fd7519d0253c602cd6ed33\">Gde se nalazimo<\/h4>\n\n\n\n<ul class=\"wp-block-list\">\n<li>Zvorni\u010dki put bb<\/li>\n\n\n\n<li>15320 Ljubovija, Srbija<\/li>\n<\/ul>\n\n\n\n<h4 class=\"wp-block-heading has-palette-color-8-color has-text-color has-link-color wp-elements-4389e3bfc1f665ac19d3760e59c8758c\">Pove\u017eimo se<\/h4>\n\n\n\n<ul class=\"wp-block-list\">\n<li>Ponedeljak \u2013 subota: 08-17h<\/li>\n\n\n\n<li>Nedeljom ne radimo<\/li>\n<\/ul>\n\n\n\n<div style=\"height:24px\" aria-hidden=\"true\" class=\"wp-block-spacer\"><\/div>\n<\/div>\n\n\n\n<div class=\"wp-block-column is-layout-flow wp-block-column-is-layout-flow\">\n<div style=\"height:24px\" aria-hidden=\"true\" class=\"wp-block-spacer\"><\/div>\n\n\n\n<div id=\"wpgmza_map\" class=\"wpgmza_map\" data-settings='{\"id\":\"1\",\"map_title\":\"My first map\",\"map_width\":\"100\",\"map_height\":\"400\",\"map_start_lat\":\"44.190416372364275\",\"map_start_lng\":\"19.359510901095234\",\"map_start_location\":\"45.950464398418106,-109.81550500000003\",\"map_start_zoom\":\"16\",\"default_marker\":\"\",\"type\":\"1\",\"alignment\":\"4\",\"directions_enabled\":\"0\",\"styling_enabled\":\"0\",\"styling_json\":\"\",\"active\":\"0\",\"kml\":\"\",\"bicycle\":\"0\",\"traffic\":\"0\",\"dbox\":\"0\",\"dbox_width\":\"\",\"listmarkers\":\"0\",\"listmarkers_advanced\":\"0\",\"filterbycat\":\"0\",\"ugm_enabled\":\"0\",\"ugm_category_enabled\":\"0\",\"fusion\":\"\",\"map_width_type\":\"%\",\"map_height_type\":\"px\",\"mass_marker_support\":\"0\",\"ugm_access\":\"0\",\"order_markers_by\":\"0\",\"order_markers_choice\":\"0\",\"show_user_location\":\"0\",\"default_to\":\"\",\"other_settings\":{\"map_type\":1,\"sl_stroke_color\":\"\",\"sl_fill_color\":\"\",\"sl_stroke_opacity\":\"\",\"sl_fill_opacity\":\"\",\"transport_layer\":false,\"action\":\"wpgmza_save_map\",\"redirect_to\":\"\\\/wp-admin\\\/admin-post.php\",\"map_id\":\"1\",\"http_referer\":\"\\\/wp-admin\\\/admin.php?page=wp-google-maps-menu&amp;amp;action=edit&amp;amp;map_id=1\",\"wpgmza_id\":\"1\",\"wpgmza_start_location\":\"44.190416372364275,19.359510901095234\",\"wpgmza_start_zoom\":\"16\",\"wpgmza_theme_data\":\"\",\"store_locator_enabled\":false,\"store_locator_search_area\":\"radial\",\"wpgmza_store_locator_radius_style\":\"legacy\",\"wpgmza_store_locator_default_radius\":\"10\",\"store_locator_auto_area_max_zoom\":\"\",\"store_locator_distance\":false,\"wpgmza_store_locator_position\":false,\"store_locator_show_distance\":false,\"store_locator_category\":false,\"wpgmza_store_locator_use_their_location\":false,\"wpgmza_store_locator_bounce\":false,\"wpgmza_sl_animation\":null,\"wpgmza_store_locator_hide_before_search\":false,\"store_locator_query_string\":\"\",\"store_locator_location_placeholder\":\"\",\"store_locator_default_address\":\"\",\"store_locator_name_search\":false,\"store_locator_name_string\":\"\",\"store_locator_not_found_message\":\"\",\"wpgmza_map_align\":\"4\",\"jump_to_nearest_marker_on_initialization\":false,\"automatically_pan_to_users_location\":false,\"override_users_location_zoom_level\":false,\"override_users_location_zoom_levels\":\"\",\"show_distance_from_location\":false,\"map_max_zoom\":\"21\",\"map_min_zoom\":\"0\",\"click_open_link\":false,\"fit_maps_bounds_to_markers\":false,\"fit_maps_bounds_to_markers_after_filtering\":false,\"hide_point_of_interest\":false,\"wpgmza_zoom_on_marker_click\":false,\"wpgmza_zoom_on_marker_click_slider\":\"\",\"close_infowindow_on_map_click\":false,\"disable_lightbox_images\":false,\"use_Raw_Jpeg_Coordinates\":false,\"polygon_labels\":false,\"disable_polygon_info_windows\":false,\"enable_marker_ratings\":false,\"only_load_markers_within_viewport\":false,\"iw_primary_color\":\"#000000\",\"iw_accent_color\":\"#000000\",\"iw_text_color\":\"#000000\",\"wpgmza_listmarkers_by\":\"0\",\"wpgmza_marker_listing_position\":false,\"wpgmza_push_in_map\":false,\"wpgmza_push_in_map_placement\":null,\"wpgmza_push_in_map_width\":\"\",\"wpgmza_push_in_map_height\":\"\",\"zoom_level_on_marker_listing_override\":false,\"zoom_level_on_marker_listing_click\":\"\",\"marker_listing_disable_zoom\":false,\"datatable_no_result_message\":\"\",\"remove_search_box_datables\":false,\"dataTable_pagination_style\":null,\"datatable_search_string\":\"\",\"datatable_result_start\":\"\",\"datatable_result_of\":\"\",\"datatable_result_to\":\"\",\"datatable_result_total\":\"\",\"datatable_result_show\":\"\",\"datatable_result_entries\":\"\",\"wpgmza_savemap\":\"Save Map \\u00bb\"}}' data-map-id='1' Data-maps-engine='google-maps' data-shortcode-attributes='{\"id\":\"1\"}' style=\"display:block; overflow:auto; width:100%; height:400px; \"><\/div>\n<\/div>\n<\/div>\n<\/div>\n","protected":false},"excerpt":{"rendered":"<p>Na\u0161e Usluge Bavimo se odr\u017eavanjem i popravkom motornih vozila, u na\u0161em servisu pored usluga servisiranja i popravke vozila mo\u017eete i uraditi CHIP TUNING va\u0161eg vozila kao i dotatne mogu\u0107nosti remapiranja motornog ra\u010dunara kao \u0161to su: Chip Tuning Optimizacijom softvera motornog ra\u010dunara uskla\u0111ujemo rad motora i dobijamo 30% vi\u0161e snage koju neretko u nekim slu\u010dajevima fabrika [&hellip;]<\/p>\n","protected":false},"author":1,"featured_media":21,"parent":0,"menu_order":0,"comment_status":"closed","ping_status":"closed","template":"","meta":{"_monsterinsights_skip_tracking":false,"_monsterinsights_sitenote_active":false,"_monsterinsights_sitenote_note":"","_monsterinsights_sitenote_category":0,"footnotes":""},"class_list":["post-14","page","type-page","status-publish","has-post-thumbnail","hentry"],"blocksy_meta":[],"aioseo_notices":[],"_links":{"self":[{"href":"https:\/\/jovanovic-chiptuning.com\/index.php\/wp-json\/wp\/v2\/pages\/14"}],"collection":[{"href":"https:\/\/jovanovic-chiptuning.com\/index.php\/wp-json\/wp\/v2\/pages"}],"about":[{"href":"https:\/\/jovanovic-chiptuning.com\/index.php\/wp-json\/wp\/v2\/types\/page"}],"author":[{"embeddable":true,"href":"https:\/\/jovanovic-chiptuning.com\/index.php\/wp-json\/wp\/v2\/users\/1"}],"replies":[{"embeddable":true,"href":"https:\/\/jovanovic-chiptuning.com\/index.php\/wp-json\/wp\/v2\/comments?post=14"}],"version-history":[{"count":29,"href":"https:\/\/jovanovic-chiptuning.com\/index.php\/wp-json\/wp\/v2\/pages\/14\/revisions"}],"predecessor-version":[{"id":204,"href":"https:\/\/jovanovic-chiptuning.com\/index.php\/wp-json\/wp\/v2\/pages\/14\/revisions\/204"}],"wp:featuredmedia":[{"embeddable":true,"href":"https:\/\/jovanovic-chiptuning.com\/index.php\/wp-json\/wp\/v2\/media\/21"}],"wp:attachment":[{"href":"https:\/\/jovanovic-chiptuning.com\/index.php\/wp-json\/wp\/v2\/media?parent=14"}],"curies":[{"name":"wp","href":"https:\/\/api.w.org\/{rel}","templated":true}]}}